{"id":9,"date":"2021-01-08T15:17:21","date_gmt":"2021-01-08T14:17:21","guid":{"rendered":"http:\/\/experts-clement.fr\/?page_id=9"},"modified":"2021-01-08T15:49:05","modified_gmt":"2021-01-08T14:49:05","slug":"conditions-generales-de-vente","status":"publish","type":"page","link":"https:\/\/experts-clement.fr\/index.php\/conditions-generales-de-vente\/","title":{"rendered":"CONDITIONS GENERALES DE VENTE"},"content":{"rendered":"\t\t<div data-elementor-type=\"wp-page\" data-elementor-id=\"9\" class=\"elementor elementor-9\" data-elementor-settings=\"[]\">\n\t\t\t\t\t\t<div class=\"elementor-inner\">\n\t\t\t\t\t\t\t<div class=\"elementor-section-wrap\">\n\t\t\t\t\t\t\t<section class=\"elementor-section elementor-top-section elementor-element elementor-element-1b22113 elementor-section-stretched elementor-section-boxed elementor-section-height-default elementor-section-height-default\" data-id=\"1b22113\" data-element_type=\"section\" data-settings=\"{&quot;stretch_section&quot;:&quot;section-stretched&quot;}\">\n\t\t\t\t\t\t<div class=\"elementor-container elementor-column-gap-default\">\n\t\t\t\t\t\t\t<div class=\"elementor-row\">\n\t\t\t\t\t<div class=\"elementor-column elementor-col-100 elementor-top-column elementor-element elementor-element-fdc56b4\" data-id=\"fdc56b4\" data-element_type=\"column\">\n\t\t\t<div class=\"elementor-column-wrap elementor-element-populated\">\n\t\t\t\t\t\t\t<div class=\"elementor-widget-wrap\">\n\t\t\t\t\t\t<div class=\"elementor-element elementor-element-f1111c2 elementor-widget elementor-widget-text-editor\" data-id=\"f1111c2\" data-element_type=\"widget\" data-widget_type=\"text-editor.default\">\n\t\t\t\t<div class=\"elementor-widget-container\">\n\t\t\t\t\t<div class=\"elementor-text-editor elementor-clearfix\"><p class=\"p1\"><span class=\"s1\"><b>CONDITIONS GENERALES DE VENTE<\/b><\/span><\/p><p class=\"p1\"><b>Article 1\u00a0: Application des conditions g\u00e9n\u00e9rales<\/b><\/p><p class=\"p1\">Sauf dispositions contraires \u00e9crites, les pr\u00e9sentes conditions g\u00e9n\u00e9rales de vente s\u2019appliquent sans restriction ni r\u00e9serve \u00e0 l\u2019ensemble des prestations demand\u00e9es verbalement ou par \u00e9crit par le client au cabinet, ainsi qu\u2019\u00e0 toute autre demande en relation avec ladite prestation.<\/p><p class=\"p1\"><b>Article 2\u00a0: D\u00e9finitions<\/b><\/p><ol class=\"ol1\"><li style=\"list-style-type: none;\"><ol class=\"ol1\"><li class=\"li1\"><i>Cabinet\u00a0<\/i><\/li><\/ol><\/li><\/ol><p class=\"p1\">Le cabinet d\u2019expertise Experts Cl\u00e9ment &amp; Associ\u00e9s, ainsi que l\u2019ensemble de ses pr\u00e9pos\u00e9s et toutes les parties avec lesquelles une coop\u00e9ration ou autorisation est n\u00e9cessaire ou utile pour la prestation.<\/p><ol class=\"ol1\"><li style=\"list-style-type: none;\"><ol class=\"ol1\"><li class=\"li1\"><i>Client\u00a0<\/i><\/li><\/ol><\/li><\/ol><p class=\"p1\">Personne physique ou morale ou la soci\u00e9t\u00e9 ou l\u2019administration qui demande et r\u00e9mun\u00e8re la prestation du cabinet. Si le client agit par d\u00e9l\u00e9gation, il devra pr\u00e9ciser l\u2019identit\u00e9 de la personne physique ou morale qui b\u00e9n\u00e9ficie et\/ou qui r\u00e9mun\u00e8re ladite prestation.<\/p><ol class=\"ol1\"><li style=\"list-style-type: none;\"><ol class=\"ol1\"><li class=\"li1\"><i>Prestation\u00a0<\/i><\/li><\/ol><\/li><\/ol><p class=\"p1\">La prestation est l\u2019ensemble des actes techniques accomplis par le cabinet pour la r\u00e9alisation de la mission confi\u00e9e par le client. Elle prend fin par la remise du rapport final \u00e9crit (ou verbal en cas de demande sp\u00e9cifique) au client, accompagn\u00e9 des frais et honoraires du cabinet d\u2019expertise.<\/p><ol class=\"ol1\"><li style=\"list-style-type: none;\"><ol class=\"ol1\"><li class=\"li1\"><i>Contrat\u00a0<\/i><\/li><\/ol><\/li><\/ol><p class=\"p1\">Le contrat d\u2019expertise est consid\u00e9r\u00e9 conclu seulement apr\u00e8s r\u00e9ception par le client de la confirmation \u00e9crite d\u2019intervention du cabinet.<\/p><p class=\"p1\"><b>Article 3\u00a0: Obligations des parties<\/b><\/p><p class=\"p3\"><i>3.1. Obligations du cabinet\u00a0<\/i><\/p><p class=\"p1\">Le cabinet doit effectuer la prestation conform\u00e9ment aux instructions transmises par le client, aux r\u00e8gles et usages en vigueur de la profession et aux m\u00e9thodes qui sont, selon lui, les plus appropri\u00e9es.<\/p><p class=\"p1\">Le cabinet \u00e9met un rapport final sur la base des informations transmises par le client et ne saurait \u00eatre tenu responsable d\u2019\u00e9l\u00e9ments inexacts ou non pr\u00e9sent\u00e9s.<\/p><p class=\"p1\">Toutes donn\u00e9es, correspondances, documents ou analyses sont stock\u00e9s par l\u2019expert pendant la dur\u00e9e de la prestation et pendant un d\u00e9lai d\u2019un an apr\u00e8s la remise du rapport final, sauf instructions \u00e9crites contraires.<\/p><p class=\"p1\">Nonobstant les dispositions du paragraphe pr\u00e9c\u00e9dant, le d\u00e9lai de stockage des \u00e9l\u00e9ments mat\u00e9riels pr\u00e9lev\u00e9s dans le cadre de la prestation est de trois mois \u00e0 compter de la remise du rapport, sauf dispositions contraires \u00e9crites accept\u00e9es entre les parties.<\/p><p class=\"p3\"><i>3.2. Obligations du client\u00a0<\/i><\/p><p class=\"p1\">Le client doit communiquer dans les meilleurs d\u00e9lais au cabinet toute l\u2019information n\u00e9cessaire ou utile pour la bonne ex\u00e9cution de la prestation confi\u00e9e. Il incombe au client d\u2019informer le cabinet de l\u2019existence potentielle ou av\u00e9r\u00e9e de risques ou dangers qui pourraient porter atteinte \u00e0 l\u2019int\u00e9grit\u00e9 physique ou morale du cabinet pour la conduite de la prestation.<\/p><p class=\"p1\"><b>Article 4\u00a0: Frais et Honoraires\u00a0<\/b><\/p><p class=\"p1\">La prestation totale ou partielle du cabinet, donne lieu au r\u00e8glement des frais et honoraires sur pr\u00e9sentation de la facture du cabinet. Le paiement de la facture doit \u00eatre effectu\u00e9 dans un d\u00e9lai de 30\u00a0jours. En cas de retard de paiement, les int\u00e9r\u00eats de retard seront dus au taux l\u00e9gal. Tout litige entre le client et le cabinet ne saurait dispenser du paiement de la facture et des \u00e9ventuelles p\u00e9nalit\u00e9s l\u00e9gales de retard.<\/p><p class=\"p1\"><b>Article 5\u00a0: Responsabilit\u00e9<\/b><\/p><p class=\"p3\"><i>5.1. Responsabilit\u00e9 g\u00e9n\u00e9rale<\/i><\/p><p class=\"p1\">Le cabinet demeure soumis \u00e0 une simple obligation de moyens dans l\u2019ex\u00e9cution de sa prestation. Sa responsabilit\u00e9 ne peut \u00eatre engag\u00e9e qu\u2019en cas de faute lourde ou intentionnelle d\u00e9montr\u00e9e, et sous r\u00e9serve que cette faute soit la cause directe et exclusive des dommages ou pr\u00e9judices all\u00e9gu\u00e9s. Le cabinet n\u2019assume aucune responsabilit\u00e9 pour les dommages indirects ou immat\u00e9riels.<\/p><p class=\"p1\">Le cabinet ne pourra \u00eatre tenu responsable de\u00a0:<\/p><ul class=\"ul1\"><li class=\"li1\">tout dommage r\u00e9sultant de faits ou circonstances pr\u00e9visibles\u00a0;<\/li><li class=\"li1\">tout retard d\u2019ex\u00e9cution de la prestation en cas d\u2019inex\u00e9cution partielle ou totale due \u00e0 un cas de force majeure\u00a0;<\/li><li class=\"li1\">tout dommage li\u00e9 \u00e0 certaines donn\u00e9es erron\u00e9es ou fausses\u00a0;<\/li><li class=\"li1\">tout dommage \u00e0 des marchandises ou mat\u00e9riels mis \u00e0 sa disposition par le client dans le cadre de la prestation\u00a0;<\/li><li class=\"li1\">cons\u00e9quences d\u2019\u00e9v\u00e8nements ext\u00e9rieurs tels que\u00a0: dommages caus\u00e9s par l\u2019eau, le feu, l\u2019explosion, les fum\u00e9es, dommages r\u00e9sultant de tout ph\u00e9nom\u00e8ne climatique naturel, dommages r\u00e9sultant de guerre, gr\u00e8ve, terrorisme et sabotage, actes de violence.<\/li><\/ul><p class=\"p1\">Lorsque le client ne d\u00e9termine que verbalement la nature et l\u2019\u00e9tendue de la prestation demand\u00e9e, il ne pourra all\u00e9guer la faute du cabinet, sauf si elle r\u00e9sulte des termes du rapport \u00e9crit.<\/p><p class=\"p3\"><i>5.2. Limitations de responsabilit\u00e9<\/i><\/p><p class=\"p1\">La responsabilit\u00e9 du cabinet, par mission, est limit\u00e9e \u00e0 dix fois le montant des honoraires per\u00e7us ou \u00e0 percevoir pour ladite prestation et ne pourra en aucun cas \u00eatre sup\u00e9rieure \u00e0 10 000\u20ac.<\/p><p class=\"p3\"><i>5.3. R\u00e9clamation<\/i><\/p><p class=\"p1\">Toute r\u00e9clamation form\u00e9e \u00e0 l\u2019encontre du cabinet par le client doit \u00eatre pr\u00e9sent\u00e9e, sous peine de forclusion de plein droit, sous forme \u00e9crite dans un d\u00e9lai de trois mois \u00e0 compter de la remise du rapport final \u00e9crit.<\/p><p class=\"p1\"><b>Article 6\u00a0: Loi applicable et comp\u00e9tence<\/b><\/p><p class=\"p1\">Par d\u00e9rogation \u00e0 toutes dispositions contraires des lois relatives \u00e0 la comp\u00e9tence, les litiges relatifs \u00e0 l\u2019ex\u00e9cution du pr\u00e9sent contrat seront soumis \u00e0 la juridiction exclusive du tribunal de commerce de Marseille appliquant la loi fran\u00e7aise.<\/p><p class=\"p1\"><b>Article 7\u00a0: Version anglaise<\/b><\/p><p class=\"p1\">Il existe deux versions de ces conditions g\u00e9n\u00e9rales de vente, une premi\u00e8re version en fran\u00e7ais et une seconde traduite en anglais. Le client d\u00e9clare avoir pris connaissance de ces conditions g\u00e9n\u00e9rales de vente en fran\u00e7ais et en anglais. En cas de divergence entre ces deux versions, les dispositions de la version fran\u00e7aise pr\u00e9valent sur celles de la version anglaise.<\/p><\/div>\n\t\t\t\t<\/div>\n\t\t\t\t<\/div>\n\t\t\t\t\t\t<\/div>\n\t\t\t\t\t<\/div>\n\t\t<\/div>\n\t\t\t\t\t\t\t\t<\/div>\n\t\t\t\t\t<\/div>\n\t\t<\/section>\n\t\t\t\t<section class=\"elementor-section elementor-top-section elementor-element elementor-element-8064395 elementor-section-boxed elementor-section-height-default elementor-section-height-default\" data-id=\"8064395\" data-element_type=\"section\">\n\t\t\t\t\t\t<div class=\"elementor-container elementor-column-gap-default\">\n\t\t\t\t\t\t\t<div class=\"elementor-row\">\n\t\t\t\t\t<div class=\"elementor-column elementor-col-100 elementor-top-column elementor-element elementor-element-e31ecb4\" data-id=\"e31ecb4\" data-element_type=\"column\">\n\t\t\t<div class=\"elementor-column-wrap elementor-element-populated\">\n\t\t\t\t\t\t\t<div class=\"elementor-widget-wrap\">\n\t\t\t\t\t\t<div class=\"elementor-element elementor-element-3d53dab elementor-widget elementor-widget-menu-anchor\" data-id=\"3d53dab\" data-element_type=\"widget\" data-widget_type=\"menu-anchor.default\">\n\t\t\t\t<div class=\"elementor-widget-container\">\n\t\t\t\t\t<div id=\"contact\" class=\"elementor-menu-anchor\"><\/div>\n\t\t\t\t<\/div>\n\t\t\t\t<\/div>\n\t\t\t\t\t\t<\/div>\n\t\t\t\t\t<\/div>\n\t\t<\/div>\n\t\t\t\t\t\t\t\t<\/div>\n\t\t\t\t\t<\/div>\n\t\t<\/section>\n\t\t\t\t\t\t<\/div>\n\t\t\t\t\t\t<\/div>\n\t\t\t\t\t<\/div>\n\t\t","protected":false},"excerpt":{"rendered":"<p>CONDITIONS GENERALES DE VENTE Article 1\u00a0: Application des conditions g\u00e9n\u00e9rales Sauf dispositions contraires \u00e9crites, les pr\u00e9sentes conditions g\u00e9n\u00e9rales de vente s\u2019appliquent sans restriction ni r\u00e9serve \u00e0 l\u2019ensemble des prestations demand\u00e9es verbalement ou par \u00e9crit par le client au cabinet, ainsi qu\u2019\u00e0 toute autre demande en relation avec ladite prestation. Article 2\u00a0: D\u00e9finitions Cabinet\u00a0 Le cabinet [&hellip;]<\/p>\n","protected":false},"author":1,"featured_media":0,"parent":0,"menu_order":0,"comment_status":"closed","ping_status":"closed","template":"page-templates\/page_fullwidth.php","meta":[],"_links":{"self":[{"href":"https:\/\/experts-clement.fr\/index.php\/wp-json\/wp\/v2\/pages\/9"}],"collection":[{"href":"https:\/\/experts-clement.fr\/index.php\/wp-json\/wp\/v2\/pages"}],"about":[{"href":"https:\/\/experts-clement.fr\/index.php\/wp-json\/wp\/v2\/types\/page"}],"author":[{"embeddable":true,"href":"https:\/\/experts-clement.fr\/index.php\/wp-json\/wp\/v2\/users\/1"}],"replies":[{"embeddable":true,"href":"https:\/\/experts-clement.fr\/index.php\/wp-json\/wp\/v2\/comments?post=9"}],"version-history":[{"count":7,"href":"https:\/\/experts-clement.fr\/index.php\/wp-json\/wp\/v2\/pages\/9\/revisions"}],"predecessor-version":[{"id":74,"href":"https:\/\/experts-clement.fr\/index.php\/wp-json\/wp\/v2\/pages\/9\/revisions\/74"}],"wp:attachment":[{"href":"https:\/\/experts-clement.fr\/index.php\/wp-json\/wp\/v2\/media?parent=9"}],"curies":[{"name":"wp","href":"https:\/\/api.w.org\/{rel}","templated":true}]}}